{"id":4021,"date":"2026-04-10T15:24:38","date_gmt":"2026-04-10T14:24:38","guid":{"rendered":"https:\/\/verjamemvate.si\/nasatrgovinca\/?post_type=product&#038;p=4021"},"modified":"2026-04-17T14:12:34","modified_gmt":"2026-04-17T13:12:34","slug":"trench-plasc-mura-design","status":"publish","type":"product","link":"https:\/\/verjamemvate.si\/nasatrgovinca\/index.php\/product\/trench-plasc-mura-design\/","title":{"rendered":"Trench pla\u0161\u010d Mura Design"},"content":{"rendered":"<p>Znamka: Mura Design<\/p>\n<p>dol\u017eina: 95 cm<\/p>\n<p>\u0161irina ramen: 42\u00a0 cm<\/p>\n<p>dol\u017eina rokavi: 64\u00a0 cm<\/p>\n<p>obseg prsi: 108\u00a0 cm<\/p>\n<p>obseg pas: 120 cm<\/p>\n<p>obseg bokov: 144 cm<\/p>\n<p>Velikost: 38<\/p>\n<p>Sestava: poliamid<\/p>\n","protected":false},"excerpt":{"rendered":"<p>Znamka: Mura Design dol\u017eina: 95 cm \u0161irina ramen: 42\u00a0 cm dol\u017eina rokavi: 64\u00a0 cm obseg prsi: 108\u00a0 cm obseg pas: 120 cm obseg bokov: 144 cm Velikost: 38 Sestava: poliamid<\/p>\n","protected":false},"featured_media":3982,"template":"","meta":[],"product_brand":[54],"product_cat":[24,22,20],"product_tag":[],"class_list":{"0":"post-4021","1":"product","2":"type-product","3":"status-publish","4":"has-post-thumbnail","6":"product_brand-mura","7":"product_cat-slovensko","8":"product_cat-vintage","9":"product_cat-zenske","11":"first","12":"outofstock","13":"taxable","14":"shipping-taxable","15":"purchasable","16":"product-type-simple"},"yoast_head":"<!-- This site is optimized with the Yoast SEO plugin v27.5 - https:\/\/yoast.com\/product\/yoast-seo-wordpress\/ -->\n<title>Trench pla\u0161\u010d Mura Design - Verjamem vate second-hand<\/title>\n<meta name=\"robots\" content=\"index, follow, max-snippet:-1, max-image-preview:large, max-video-preview:-1\" \/>\n<link rel=\"canonical\" href=\"https:\/\/verjamemvate.si\/nasatrgovinca\/index.php\/product\/trench-plasc-mura-design\/\" \/>\n<meta property=\"og:locale\" content=\"sl_SI\" \/>\n<meta property=\"og:type\" content=\"article\" \/>\n<meta property=\"og:title\" content=\"Trench pla\u0161\u010d Mura Design - Verjamem vate second-hand\" \/>\n<meta property=\"og:description\" content=\"Znamka: Mura Design dol\u017eina: 95 cm \u0161irina ramen: 42\u00a0 cm dol\u017eina rokavi: 64\u00a0 cm obseg prsi: 108\u00a0 cm obseg pas: 120 cm obseg bokov: 144 cm Velikost: 38 Sestava: poliamid\" \/>\n<meta property=\"og:url\" content=\"https:\/\/verjamemvate.si\/nasatrgovinca\/index.php\/product\/trench-plasc-mura-design\/\" \/>\n<meta property=\"og:site_name\" content=\"Verjamem vate second-hand\" \/>\n<meta property=\"article:modified_time\" content=\"2026-04-17T13:12:34+00:00\" \/>\n<meta property=\"og:image\" content=\"https:\/\/verjamemvate.si\/nasatrgovinca\/wp-content\/uploads\/2026\/04\/IMG_8668-scaled-e1775647551328.jpeg\" \/>\n\t<meta property=\"og:image:width\" content=\"1920\" \/>\n\t<meta property=\"og:image:height\" content=\"2057\" \/>\n\t<meta property=\"og:image:type\" content=\"image\/jpeg\" \/>\n<meta name=\"twitter:card\" content=\"summary_large_image\" \/>\n<meta name=\"twitter:label1\" content=\"Est. reading time\" \/>\n\t<meta name=\"twitter:data1\" content=\"1 minuta\" \/>\n<script type=\"application\/ld+json\" class=\"yoast-schema-graph\">{\"@context\":\"https:\\\/\\\/schema.org\",\"@graph\":[{\"@type\":\"WebPage\",\"@id\":\"https:\\\/\\\/verjamemvate.si\\\/nasatrgovinca\\\/index.php\\\/product\\\/trench-plasc-mura-design\\\/\",\"url\":\"https:\\\/\\\/verjamemvate.si\\\/nasatrgovinca\\\/index.php\\\/product\\\/trench-plasc-mura-design\\\/\",\"name\":\"Trench pla\u0161\u010d Mura Design - Verjamem vate second-hand\",\"isPartOf\":{\"@id\":\"https:\\\/\\\/verjamemvate.si\\\/nasatrgovinca\\\/#website\"},\"primaryImageOfPage\":{\"@id\":\"https:\\\/\\\/verjamemvate.si\\\/nasatrgovinca\\\/index.php\\\/product\\\/trench-plasc-mura-design\\\/#primaryimage\"},\"image\":{\"@id\":\"https:\\\/\\\/verjamemvate.si\\\/nasatrgovinca\\\/index.php\\\/product\\\/trench-plasc-mura-design\\\/#primaryimage\"},\"thumbnailUrl\":\"https:\\\/\\\/verjamemvate.si\\\/nasatrgovinca\\\/wp-content\\\/uploads\\\/2026\\\/04\\\/IMG_8668-scaled-e1775647551328.jpeg\",\"datePublished\":\"2026-04-10T14:24:38+00:00\",\"dateModified\":\"2026-04-17T13:12:34+00:00\",\"breadcrumb\":{\"@id\":\"https:\\\/\\\/verjamemvate.si\\\/nasatrgovinca\\\/index.php\\\/product\\\/trench-plasc-mura-design\\\/#breadcrumb\"},\"inLanguage\":\"sl-SI\",\"potentialAction\":[{\"@type\":\"ReadAction\",\"target\":[\"https:\\\/\\\/verjamemvate.si\\\/nasatrgovinca\\\/index.php\\\/product\\\/trench-plasc-mura-design\\\/\"]}]},{\"@type\":\"ImageObject\",\"inLanguage\":\"sl-SI\",\"@id\":\"https:\\\/\\\/verjamemvate.si\\\/nasatrgovinca\\\/index.php\\\/product\\\/trench-plasc-mura-design\\\/#primaryimage\",\"url\":\"https:\\\/\\\/verjamemvate.si\\\/nasatrgovinca\\\/wp-content\\\/uploads\\\/2026\\\/04\\\/IMG_8668-scaled-e1775647551328.jpeg\",\"contentUrl\":\"https:\\\/\\\/verjamemvate.si\\\/nasatrgovinca\\\/wp-content\\\/uploads\\\/2026\\\/04\\\/IMG_8668-scaled-e1775647551328.jpeg\",\"width\":1920,\"height\":2057},{\"@type\":\"BreadcrumbList\",\"@id\":\"https:\\\/\\\/verjamemvate.si\\\/nasatrgovinca\\\/index.php\\\/product\\\/trench-plasc-mura-design\\\/#breadcrumb\",\"itemListElement\":[{\"@type\":\"ListItem\",\"position\":1,\"name\":\"Home\",\"item\":\"https:\\\/\\\/verjamemvate.si\\\/nasatrgovinca\\\/\"},{\"@type\":\"ListItem\",\"position\":2,\"name\":\"Verjamem vate &#8211; second-hand\",\"item\":\"https:\\\/\\\/verjamemvate.si\\\/nasatrgovinca\\\/\"},{\"@type\":\"ListItem\",\"position\":3,\"name\":\"Trench pla\u0161\u010d Mura Design\"}]},{\"@type\":\"WebSite\",\"@id\":\"https:\\\/\\\/verjamemvate.si\\\/nasatrgovinca\\\/#website\",\"url\":\"https:\\\/\\\/verjamemvate.si\\\/nasatrgovinca\\\/\",\"name\":\"Verjamem vate second-hand\",\"description\":\"\",\"potentialAction\":[{\"@type\":\"SearchAction\",\"target\":{\"@type\":\"EntryPoint\",\"urlTemplate\":\"https:\\\/\\\/verjamemvate.si\\\/nasatrgovinca\\\/?s={search_term_string}\"},\"query-input\":{\"@type\":\"PropertyValueSpecification\",\"valueRequired\":true,\"valueName\":\"search_term_string\"}}],\"inLanguage\":\"sl-SI\"}]}<\/script>\n<!-- \/ Yoast SEO plugin. -->","yoast_head_json":{"title":"Trench pla\u0161\u010d Mura Design - Verjamem vate second-hand","robots":{"index":"index","follow":"follow","max-snippet":"max-snippet:-1","max-image-preview":"max-image-preview:large","max-video-preview":"max-video-preview:-1"},"canonical":"https:\/\/verjamemvate.si\/nasatrgovinca\/index.php\/product\/trench-plasc-mura-design\/","og_locale":"sl_SI","og_type":"article","og_title":"Trench pla\u0161\u010d Mura Design - Verjamem vate second-hand","og_description":"Znamka: Mura Design dol\u017eina: 95 cm \u0161irina ramen: 42\u00a0 cm dol\u017eina rokavi: 64\u00a0 cm obseg prsi: 108\u00a0 cm obseg pas: 120 cm obseg bokov: 144 cm Velikost: 38 Sestava: poliamid","og_url":"https:\/\/verjamemvate.si\/nasatrgovinca\/index.php\/product\/trench-plasc-mura-design\/","og_site_name":"Verjamem vate second-hand","article_modified_time":"2026-04-17T13:12:34+00:00","og_image":[{"width":1920,"height":2057,"url":"https:\/\/verjamemvate.si\/nasatrgovinca\/wp-content\/uploads\/2026\/04\/IMG_8668-scaled-e1775647551328.jpeg","type":"image\/jpeg"}],"twitter_card":"summary_large_image","twitter_misc":{"Est. reading time":"1 minuta"},"schema":{"@context":"https:\/\/schema.org","@graph":[{"@type":"WebPage","@id":"https:\/\/verjamemvate.si\/nasatrgovinca\/index.php\/product\/trench-plasc-mura-design\/","url":"https:\/\/verjamemvate.si\/nasatrgovinca\/index.php\/product\/trench-plasc-mura-design\/","name":"Trench pla\u0161\u010d Mura Design - Verjamem vate second-hand","isPartOf":{"@id":"https:\/\/verjamemvate.si\/nasatrgovinca\/#website"},"primaryImageOfPage":{"@id":"https:\/\/verjamemvate.si\/nasatrgovinca\/index.php\/product\/trench-plasc-mura-design\/#primaryimage"},"image":{"@id":"https:\/\/verjamemvate.si\/nasatrgovinca\/index.php\/product\/trench-plasc-mura-design\/#primaryimage"},"thumbnailUrl":"https:\/\/verjamemvate.si\/nasatrgovinca\/wp-content\/uploads\/2026\/04\/IMG_8668-scaled-e1775647551328.jpeg","datePublished":"2026-04-10T14:24:38+00:00","dateModified":"2026-04-17T13:12:34+00:00","breadcrumb":{"@id":"https:\/\/verjamemvate.si\/nasatrgovinca\/index.php\/product\/trench-plasc-mura-design\/#breadcrumb"},"inLanguage":"sl-SI","potentialAction":[{"@type":"ReadAction","target":["https:\/\/verjamemvate.si\/nasatrgovinca\/index.php\/product\/trench-plasc-mura-design\/"]}]},{"@type":"ImageObject","inLanguage":"sl-SI","@id":"https:\/\/verjamemvate.si\/nasatrgovinca\/index.php\/product\/trench-plasc-mura-design\/#primaryimage","url":"https:\/\/verjamemvate.si\/nasatrgovinca\/wp-content\/uploads\/2026\/04\/IMG_8668-scaled-e1775647551328.jpeg","contentUrl":"https:\/\/verjamemvate.si\/nasatrgovinca\/wp-content\/uploads\/2026\/04\/IMG_8668-scaled-e1775647551328.jpeg","width":1920,"height":2057},{"@type":"BreadcrumbList","@id":"https:\/\/verjamemvate.si\/nasatrgovinca\/index.php\/product\/trench-plasc-mura-design\/#breadcrumb","itemListElement":[{"@type":"ListItem","position":1,"name":"Home","item":"https:\/\/verjamemvate.si\/nasatrgovinca\/"},{"@type":"ListItem","position":2,"name":"Verjamem vate &#8211; second-hand","item":"https:\/\/verjamemvate.si\/nasatrgovinca\/"},{"@type":"ListItem","position":3,"name":"Trench pla\u0161\u010d Mura Design"}]},{"@type":"WebSite","@id":"https:\/\/verjamemvate.si\/nasatrgovinca\/#website","url":"https:\/\/verjamemvate.si\/nasatrgovinca\/","name":"Verjamem vate second-hand","description":"","potentialAction":[{"@type":"SearchAction","target":{"@type":"EntryPoint","urlTemplate":"https:\/\/verjamemvate.si\/nasatrgovinca\/?s={search_term_string}"},"query-input":{"@type":"PropertyValueSpecification","valueRequired":true,"valueName":"search_term_string"}}],"inLanguage":"sl-SI"}]}},"_links":{"self":[{"href":"https:\/\/verjamemvate.si\/nasatrgovinca\/index.php\/wp-json\/wp\/v2\/product\/4021","targetHints":{"allow":["GET"]}}],"collection":[{"href":"https:\/\/verjamemvate.si\/nasatrgovinca\/index.php\/wp-json\/wp\/v2\/product"}],"about":[{"href":"https:\/\/verjamemvate.si\/nasatrgovinca\/index.php\/wp-json\/wp\/v2\/types\/product"}],"wp:featuredmedia":[{"embeddable":true,"href":"https:\/\/verjamemvate.si\/nasatrgovinca\/index.php\/wp-json\/wp\/v2\/media\/3982"}],"wp:attachment":[{"href":"https:\/\/verjamemvate.si\/nasatrgovinca\/index.php\/wp-json\/wp\/v2\/media?parent=4021"}],"wp:term":[{"taxonomy":"product_brand","embeddable":true,"href":"https:\/\/verjamemvate.si\/nasatrgovinca\/index.php\/wp-json\/wp\/v2\/product_brand?post=4021"},{"taxonomy":"product_cat","embeddable":true,"href":"https:\/\/verjamemvate.si\/nasatrgovinca\/index.php\/wp-json\/wp\/v2\/product_cat?post=4021"},{"taxonomy":"product_tag","embeddable":true,"href":"https:\/\/verjamemvate.si\/nasatrgovinca\/index.php\/wp-json\/wp\/v2\/product_tag?post=4021"}],"curies":[{"name":"wp","href":"https:\/\/api.w.org\/{rel}","templated":true}]}}