{"id":2495,"date":"2025-06-26T14:23:17","date_gmt":"2025-06-26T13:23:17","guid":{"rendered":"https:\/\/verjamemvate.si\/nasatrgovinca\/?post_type=product&#038;p=2495"},"modified":"2026-02-02T13:46:32","modified_gmt":"2026-02-02T12:46:32","slug":"rdeca-obleka-2","status":"publish","type":"product","link":"https:\/\/verjamemvate.si\/nasatrgovinca\/index.php\/product\/rdeca-obleka-2\/","title":{"rendered":"Rde\u010da obleka"},"content":{"rendered":"<p>Mere:<\/p>\n<p>dol\u017eina: 91 cm<\/p>\n<p>obseg prsi: 78 cm<\/p>\n<p>obseg pasu: 72 cm<\/p>\n<p>obseg boki: 88 cm<\/p>\n<p>Material: ni etikete<\/p>\n<p>Model nosi konfekcijsko \u0161t. 36.<\/p>\n","protected":false},"excerpt":{"rendered":"<p>Mere: dol\u017eina: 91 cm obseg prsi: 78 cm obseg pasu: 72 cm obseg boki: 88 cm Material: ni etikete Model nosi konfekcijsko \u0161t. 36.<\/p>\n","protected":false},"featured_media":2471,"template":"","meta":[],"product_brand":[],"product_cat":[20],"product_tag":[],"class_list":{"0":"post-2495","1":"product","2":"type-product","3":"status-publish","4":"has-post-thumbnail","6":"product_cat-zenske","8":"first","9":"instock","10":"sale","11":"taxable","12":"shipping-taxable","13":"purchasable","14":"product-type-simple"},"yoast_head":"<!-- This site is optimized with the Yoast SEO plugin v27.6 - https:\/\/yoast.com\/product\/yoast-seo-wordpress\/ -->\n<title>Rde\u010da obleka - Verjamem vate second-hand<\/title>\n<meta name=\"robots\" content=\"index, follow, max-snippet:-1, max-image-preview:large, max-video-preview:-1\" \/>\n<link rel=\"canonical\" href=\"https:\/\/verjamemvate.si\/nasatrgovinca\/index.php\/product\/rdeca-obleka-2\/\" \/>\n<meta property=\"og:locale\" content=\"sl_SI\" \/>\n<meta property=\"og:type\" content=\"article\" \/>\n<meta property=\"og:title\" content=\"Rde\u010da obleka - Verjamem vate second-hand\" \/>\n<meta property=\"og:description\" content=\"Mere: dol\u017eina: 91 cm obseg prsi: 78 cm obseg pasu: 72 cm obseg boki: 88 cm Material: ni etikete Model nosi konfekcijsko \u0161t. 36.\" \/>\n<meta property=\"og:url\" content=\"https:\/\/verjamemvate.si\/nasatrgovinca\/index.php\/product\/rdeca-obleka-2\/\" \/>\n<meta property=\"og:site_name\" content=\"Verjamem vate second-hand\" \/>\n<meta property=\"article:modified_time\" content=\"2026-02-02T12:46:32+00:00\" \/>\n<meta property=\"og:image\" content=\"https:\/\/verjamemvate.si\/nasatrgovinca\/wp-content\/uploads\/2025\/06\/IMG_9460-scaled-e1750924617486.jpeg\" \/>\n\t<meta property=\"og:image:width\" content=\"1920\" \/>\n\t<meta property=\"og:image:height\" content=\"2060\" \/>\n\t<meta property=\"og:image:type\" content=\"image\/jpeg\" \/>\n<meta name=\"twitter:card\" content=\"summary_large_image\" \/>\n<meta name=\"twitter:label1\" content=\"Est. reading time\" \/>\n\t<meta name=\"twitter:data1\" content=\"1 minuta\" \/>\n<script type=\"application\/ld+json\" class=\"yoast-schema-graph\">{\"@context\":\"https:\\\/\\\/schema.org\",\"@graph\":[{\"@type\":\"WebPage\",\"@id\":\"https:\\\/\\\/verjamemvate.si\\\/nasatrgovinca\\\/index.php\\\/product\\\/rdeca-obleka-2\\\/\",\"url\":\"https:\\\/\\\/verjamemvate.si\\\/nasatrgovinca\\\/index.php\\\/product\\\/rdeca-obleka-2\\\/\",\"name\":\"Rde\u010da obleka - Verjamem vate second-hand\",\"isPartOf\":{\"@id\":\"https:\\\/\\\/verjamemvate.si\\\/nasatrgovinca\\\/#website\"},\"primaryImageOfPage\":{\"@id\":\"https:\\\/\\\/verjamemvate.si\\\/nasatrgovinca\\\/index.php\\\/product\\\/rdeca-obleka-2\\\/#primaryimage\"},\"image\":{\"@id\":\"https:\\\/\\\/verjamemvate.si\\\/nasatrgovinca\\\/index.php\\\/product\\\/rdeca-obleka-2\\\/#primaryimage\"},\"thumbnailUrl\":\"https:\\\/\\\/verjamemvate.si\\\/nasatrgovinca\\\/wp-content\\\/uploads\\\/2025\\\/06\\\/IMG_9460-scaled-e1750924617486.jpeg\",\"datePublished\":\"2025-06-26T13:23:17+00:00\",\"dateModified\":\"2026-02-02T12:46:32+00:00\",\"breadcrumb\":{\"@id\":\"https:\\\/\\\/verjamemvate.si\\\/nasatrgovinca\\\/index.php\\\/product\\\/rdeca-obleka-2\\\/#breadcrumb\"},\"inLanguage\":\"sl-SI\",\"potentialAction\":[{\"@type\":\"ReadAction\",\"target\":[\"https:\\\/\\\/verjamemvate.si\\\/nasatrgovinca\\\/index.php\\\/product\\\/rdeca-obleka-2\\\/\"]}]},{\"@type\":\"ImageObject\",\"inLanguage\":\"sl-SI\",\"@id\":\"https:\\\/\\\/verjamemvate.si\\\/nasatrgovinca\\\/index.php\\\/product\\\/rdeca-obleka-2\\\/#primaryimage\",\"url\":\"https:\\\/\\\/verjamemvate.si\\\/nasatrgovinca\\\/wp-content\\\/uploads\\\/2025\\\/06\\\/IMG_9460-scaled-e1750924617486.jpeg\",\"contentUrl\":\"https:\\\/\\\/verjamemvate.si\\\/nasatrgovinca\\\/wp-content\\\/uploads\\\/2025\\\/06\\\/IMG_9460-scaled-e1750924617486.jpeg\",\"width\":1920,\"height\":2060},{\"@type\":\"BreadcrumbList\",\"@id\":\"https:\\\/\\\/verjamemvate.si\\\/nasatrgovinca\\\/index.php\\\/product\\\/rdeca-obleka-2\\\/#breadcrumb\",\"itemListElement\":[{\"@type\":\"ListItem\",\"position\":1,\"name\":\"Home\",\"item\":\"https:\\\/\\\/verjamemvate.si\\\/nasatrgovinca\\\/\"},{\"@type\":\"ListItem\",\"position\":2,\"name\":\"Verjamem vate &#8211; second-hand\",\"item\":\"https:\\\/\\\/verjamemvate.si\\\/nasatrgovinca\\\/\"},{\"@type\":\"ListItem\",\"position\":3,\"name\":\"Rde\u010da obleka\"}]},{\"@type\":\"WebSite\",\"@id\":\"https:\\\/\\\/verjamemvate.si\\\/nasatrgovinca\\\/#website\",\"url\":\"https:\\\/\\\/verjamemvate.si\\\/nasatrgovinca\\\/\",\"name\":\"Verjamem vate second-hand\",\"description\":\"\",\"potentialAction\":[{\"@type\":\"SearchAction\",\"target\":{\"@type\":\"EntryPoint\",\"urlTemplate\":\"https:\\\/\\\/verjamemvate.si\\\/nasatrgovinca\\\/?s={search_term_string}\"},\"query-input\":{\"@type\":\"PropertyValueSpecification\",\"valueRequired\":true,\"valueName\":\"search_term_string\"}}],\"inLanguage\":\"sl-SI\"}]}<\/script>\n<!-- \/ Yoast SEO plugin. -->","yoast_head_json":{"title":"Rde\u010da obleka - Verjamem vate second-hand","robots":{"index":"index","follow":"follow","max-snippet":"max-snippet:-1","max-image-preview":"max-image-preview:large","max-video-preview":"max-video-preview:-1"},"canonical":"https:\/\/verjamemvate.si\/nasatrgovinca\/index.php\/product\/rdeca-obleka-2\/","og_locale":"sl_SI","og_type":"article","og_title":"Rde\u010da obleka - Verjamem vate second-hand","og_description":"Mere: dol\u017eina: 91 cm obseg prsi: 78 cm obseg pasu: 72 cm obseg boki: 88 cm Material: ni etikete Model nosi konfekcijsko \u0161t. 36.","og_url":"https:\/\/verjamemvate.si\/nasatrgovinca\/index.php\/product\/rdeca-obleka-2\/","og_site_name":"Verjamem vate second-hand","article_modified_time":"2026-02-02T12:46:32+00:00","og_image":[{"width":1920,"height":2060,"url":"https:\/\/verjamemvate.si\/nasatrgovinca\/wp-content\/uploads\/2025\/06\/IMG_9460-scaled-e1750924617486.jpeg","type":"image\/jpeg"}],"twitter_card":"summary_large_image","twitter_misc":{"Est. reading time":"1 minuta"},"schema":{"@context":"https:\/\/schema.org","@graph":[{"@type":"WebPage","@id":"https:\/\/verjamemvate.si\/nasatrgovinca\/index.php\/product\/rdeca-obleka-2\/","url":"https:\/\/verjamemvate.si\/nasatrgovinca\/index.php\/product\/rdeca-obleka-2\/","name":"Rde\u010da obleka - Verjamem vate second-hand","isPartOf":{"@id":"https:\/\/verjamemvate.si\/nasatrgovinca\/#website"},"primaryImageOfPage":{"@id":"https:\/\/verjamemvate.si\/nasatrgovinca\/index.php\/product\/rdeca-obleka-2\/#primaryimage"},"image":{"@id":"https:\/\/verjamemvate.si\/nasatrgovinca\/index.php\/product\/rdeca-obleka-2\/#primaryimage"},"thumbnailUrl":"https:\/\/verjamemvate.si\/nasatrgovinca\/wp-content\/uploads\/2025\/06\/IMG_9460-scaled-e1750924617486.jpeg","datePublished":"2025-06-26T13:23:17+00:00","dateModified":"2026-02-02T12:46:32+00:00","breadcrumb":{"@id":"https:\/\/verjamemvate.si\/nasatrgovinca\/index.php\/product\/rdeca-obleka-2\/#breadcrumb"},"inLanguage":"sl-SI","potentialAction":[{"@type":"ReadAction","target":["https:\/\/verjamemvate.si\/nasatrgovinca\/index.php\/product\/rdeca-obleka-2\/"]}]},{"@type":"ImageObject","inLanguage":"sl-SI","@id":"https:\/\/verjamemvate.si\/nasatrgovinca\/index.php\/product\/rdeca-obleka-2\/#primaryimage","url":"https:\/\/verjamemvate.si\/nasatrgovinca\/wp-content\/uploads\/2025\/06\/IMG_9460-scaled-e1750924617486.jpeg","contentUrl":"https:\/\/verjamemvate.si\/nasatrgovinca\/wp-content\/uploads\/2025\/06\/IMG_9460-scaled-e1750924617486.jpeg","width":1920,"height":2060},{"@type":"BreadcrumbList","@id":"https:\/\/verjamemvate.si\/nasatrgovinca\/index.php\/product\/rdeca-obleka-2\/#breadcrumb","itemListElement":[{"@type":"ListItem","position":1,"name":"Home","item":"https:\/\/verjamemvate.si\/nasatrgovinca\/"},{"@type":"ListItem","position":2,"name":"Verjamem vate &#8211; second-hand","item":"https:\/\/verjamemvate.si\/nasatrgovinca\/"},{"@type":"ListItem","position":3,"name":"Rde\u010da obleka"}]},{"@type":"WebSite","@id":"https:\/\/verjamemvate.si\/nasatrgovinca\/#website","url":"https:\/\/verjamemvate.si\/nasatrgovinca\/","name":"Verjamem vate second-hand","description":"","potentialAction":[{"@type":"SearchAction","target":{"@type":"EntryPoint","urlTemplate":"https:\/\/verjamemvate.si\/nasatrgovinca\/?s={search_term_string}"},"query-input":{"@type":"PropertyValueSpecification","valueRequired":true,"valueName":"search_term_string"}}],"inLanguage":"sl-SI"}]}},"_links":{"self":[{"href":"https:\/\/verjamemvate.si\/nasatrgovinca\/index.php\/wp-json\/wp\/v2\/product\/2495","targetHints":{"allow":["GET"]}}],"collection":[{"href":"https:\/\/verjamemvate.si\/nasatrgovinca\/index.php\/wp-json\/wp\/v2\/product"}],"about":[{"href":"https:\/\/verjamemvate.si\/nasatrgovinca\/index.php\/wp-json\/wp\/v2\/types\/product"}],"wp:featuredmedia":[{"embeddable":true,"href":"https:\/\/verjamemvate.si\/nasatrgovinca\/index.php\/wp-json\/wp\/v2\/media\/2471"}],"wp:attachment":[{"href":"https:\/\/verjamemvate.si\/nasatrgovinca\/index.php\/wp-json\/wp\/v2\/media?parent=2495"}],"wp:term":[{"taxonomy":"product_brand","embeddable":true,"href":"https:\/\/verjamemvate.si\/nasatrgovinca\/index.php\/wp-json\/wp\/v2\/product_brand?post=2495"},{"taxonomy":"product_cat","embeddable":true,"href":"https:\/\/verjamemvate.si\/nasatrgovinca\/index.php\/wp-json\/wp\/v2\/product_cat?post=2495"},{"taxonomy":"product_tag","embeddable":true,"href":"https:\/\/verjamemvate.si\/nasatrgovinca\/index.php\/wp-json\/wp\/v2\/product_tag?post=2495"}],"curies":[{"name":"wp","href":"https:\/\/api.w.org\/{rel}","templated":true}]}}