{"id":2068,"date":"2025-05-20T15:33:42","date_gmt":"2025-05-20T14:33:42","guid":{"rendered":"https:\/\/verjamemvate.si\/nasatrgovinca\/?post_type=product&#038;p=2068"},"modified":"2026-02-02T14:06:48","modified_gmt":"2026-02-02T13:06:48","slug":"vintage-suknjic-bunny","status":"publish","type":"product","link":"https:\/\/verjamemvate.si\/nasatrgovinca\/index.php\/product\/vintage-suknjic-bunny\/","title":{"rendered":"Vintage suknji\u010d Bunny"},"content":{"rendered":"<p>Velikost: 40 \u0161t.<\/p>\n<p>Mere:<\/p>\n<p>dol\u017eina: 60 cm<\/p>\n<p>\u0161irina ramen: 43 cm<\/p>\n<p>dol\u017eina rokava: 33 cm<\/p>\n<p>obseg prsi: 94 cm<\/p>\n<p>obseg pasu: 90 cm<\/p>\n<p>obseg bokov: 104 cm<\/p>\n<p>Suknji\u010d\u00a0 ima podlogo.<\/p>\n","protected":false},"excerpt":{"rendered":"<p>Velikost: 40 \u0161t. Mere: dol\u017eina: 60 cm \u0161irina ramen: 43 cm dol\u017eina rokava: 33 cm obseg prsi: 94 cm obseg pasu: 90 cm obseg bokov: 104 cm Suknji\u010d\u00a0 ima podlogo.<\/p>\n","protected":false},"featured_media":2044,"template":"","meta":[],"product_brand":[],"product_cat":[24,22,20],"product_tag":[],"class_list":{"0":"post-2068","1":"product","2":"type-product","3":"status-publish","4":"has-post-thumbnail","6":"product_cat-slovensko","7":"product_cat-vintage","8":"product_cat-zenske","10":"first","11":"instock","12":"sale","13":"taxable","14":"shipping-taxable","15":"purchasable","16":"product-type-simple"},"yoast_head":"<!-- This site is optimized with the Yoast SEO plugin v27.5 - https:\/\/yoast.com\/product\/yoast-seo-wordpress\/ -->\n<title>Vintage suknji\u010d Bunny - Verjamem vate second-hand<\/title>\n<meta name=\"robots\" content=\"index, follow, max-snippet:-1, max-image-preview:large, max-video-preview:-1\" \/>\n<link rel=\"canonical\" href=\"https:\/\/verjamemvate.si\/nasatrgovinca\/index.php\/product\/vintage-suknjic-bunny\/\" \/>\n<meta property=\"og:locale\" content=\"sl_SI\" \/>\n<meta property=\"og:type\" content=\"article\" \/>\n<meta property=\"og:title\" content=\"Vintage suknji\u010d Bunny - Verjamem vate second-hand\" \/>\n<meta property=\"og:description\" content=\"Velikost: 40 \u0161t. Mere: dol\u017eina: 60 cm \u0161irina ramen: 43 cm dol\u017eina rokava: 33 cm obseg prsi: 94 cm obseg pasu: 90 cm obseg bokov: 104 cm Suknji\u010d\u00a0 ima podlogo.\" \/>\n<meta property=\"og:url\" content=\"https:\/\/verjamemvate.si\/nasatrgovinca\/index.php\/product\/vintage-suknjic-bunny\/\" \/>\n<meta property=\"og:site_name\" content=\"Verjamem vate second-hand\" \/>\n<meta property=\"article:modified_time\" content=\"2026-02-02T13:06:48+00:00\" \/>\n<meta property=\"og:image\" content=\"https:\/\/verjamemvate.si\/nasatrgovinca\/wp-content\/uploads\/2025\/05\/IMG_7701-scaled-e1747741142957.jpeg\" \/>\n\t<meta property=\"og:image:width\" content=\"1920\" \/>\n\t<meta property=\"og:image:height\" content=\"1988\" \/>\n\t<meta property=\"og:image:type\" content=\"image\/jpeg\" \/>\n<meta name=\"twitter:card\" content=\"summary_large_image\" \/>\n<meta name=\"twitter:label1\" content=\"Est. reading time\" \/>\n\t<meta name=\"twitter:data1\" content=\"1 minuta\" \/>\n<script type=\"application\/ld+json\" class=\"yoast-schema-graph\">{\"@context\":\"https:\\\/\\\/schema.org\",\"@graph\":[{\"@type\":\"WebPage\",\"@id\":\"https:\\\/\\\/verjamemvate.si\\\/nasatrgovinca\\\/index.php\\\/product\\\/vintage-suknjic-bunny\\\/\",\"url\":\"https:\\\/\\\/verjamemvate.si\\\/nasatrgovinca\\\/index.php\\\/product\\\/vintage-suknjic-bunny\\\/\",\"name\":\"Vintage suknji\u010d Bunny - Verjamem vate second-hand\",\"isPartOf\":{\"@id\":\"https:\\\/\\\/verjamemvate.si\\\/nasatrgovinca\\\/#website\"},\"primaryImageOfPage\":{\"@id\":\"https:\\\/\\\/verjamemvate.si\\\/nasatrgovinca\\\/index.php\\\/product\\\/vintage-suknjic-bunny\\\/#primaryimage\"},\"image\":{\"@id\":\"https:\\\/\\\/verjamemvate.si\\\/nasatrgovinca\\\/index.php\\\/product\\\/vintage-suknjic-bunny\\\/#primaryimage\"},\"thumbnailUrl\":\"https:\\\/\\\/verjamemvate.si\\\/nasatrgovinca\\\/wp-content\\\/uploads\\\/2025\\\/05\\\/IMG_7701-scaled-e1747741142957.jpeg\",\"datePublished\":\"2025-05-20T14:33:42+00:00\",\"dateModified\":\"2026-02-02T13:06:48+00:00\",\"breadcrumb\":{\"@id\":\"https:\\\/\\\/verjamemvate.si\\\/nasatrgovinca\\\/index.php\\\/product\\\/vintage-suknjic-bunny\\\/#breadcrumb\"},\"inLanguage\":\"sl-SI\",\"potentialAction\":[{\"@type\":\"ReadAction\",\"target\":[\"https:\\\/\\\/verjamemvate.si\\\/nasatrgovinca\\\/index.php\\\/product\\\/vintage-suknjic-bunny\\\/\"]}]},{\"@type\":\"ImageObject\",\"inLanguage\":\"sl-SI\",\"@id\":\"https:\\\/\\\/verjamemvate.si\\\/nasatrgovinca\\\/index.php\\\/product\\\/vintage-suknjic-bunny\\\/#primaryimage\",\"url\":\"https:\\\/\\\/verjamemvate.si\\\/nasatrgovinca\\\/wp-content\\\/uploads\\\/2025\\\/05\\\/IMG_7701-scaled-e1747741142957.jpeg\",\"contentUrl\":\"https:\\\/\\\/verjamemvate.si\\\/nasatrgovinca\\\/wp-content\\\/uploads\\\/2025\\\/05\\\/IMG_7701-scaled-e1747741142957.jpeg\",\"width\":1920,\"height\":1988},{\"@type\":\"BreadcrumbList\",\"@id\":\"https:\\\/\\\/verjamemvate.si\\\/nasatrgovinca\\\/index.php\\\/product\\\/vintage-suknjic-bunny\\\/#breadcrumb\",\"itemListElement\":[{\"@type\":\"ListItem\",\"position\":1,\"name\":\"Home\",\"item\":\"https:\\\/\\\/verjamemvate.si\\\/nasatrgovinca\\\/\"},{\"@type\":\"ListItem\",\"position\":2,\"name\":\"Verjamem vate &#8211; second-hand\",\"item\":\"https:\\\/\\\/verjamemvate.si\\\/nasatrgovinca\\\/\"},{\"@type\":\"ListItem\",\"position\":3,\"name\":\"Vintage suknji\u010d Bunny\"}]},{\"@type\":\"WebSite\",\"@id\":\"https:\\\/\\\/verjamemvate.si\\\/nasatrgovinca\\\/#website\",\"url\":\"https:\\\/\\\/verjamemvate.si\\\/nasatrgovinca\\\/\",\"name\":\"Verjamem vate second-hand\",\"description\":\"\",\"potentialAction\":[{\"@type\":\"SearchAction\",\"target\":{\"@type\":\"EntryPoint\",\"urlTemplate\":\"https:\\\/\\\/verjamemvate.si\\\/nasatrgovinca\\\/?s={search_term_string}\"},\"query-input\":{\"@type\":\"PropertyValueSpecification\",\"valueRequired\":true,\"valueName\":\"search_term_string\"}}],\"inLanguage\":\"sl-SI\"}]}<\/script>\n<!-- \/ Yoast SEO plugin. -->","yoast_head_json":{"title":"Vintage suknji\u010d Bunny - Verjamem vate second-hand","robots":{"index":"index","follow":"follow","max-snippet":"max-snippet:-1","max-image-preview":"max-image-preview:large","max-video-preview":"max-video-preview:-1"},"canonical":"https:\/\/verjamemvate.si\/nasatrgovinca\/index.php\/product\/vintage-suknjic-bunny\/","og_locale":"sl_SI","og_type":"article","og_title":"Vintage suknji\u010d Bunny - Verjamem vate second-hand","og_description":"Velikost: 40 \u0161t. Mere: dol\u017eina: 60 cm \u0161irina ramen: 43 cm dol\u017eina rokava: 33 cm obseg prsi: 94 cm obseg pasu: 90 cm obseg bokov: 104 cm Suknji\u010d\u00a0 ima podlogo.","og_url":"https:\/\/verjamemvate.si\/nasatrgovinca\/index.php\/product\/vintage-suknjic-bunny\/","og_site_name":"Verjamem vate second-hand","article_modified_time":"2026-02-02T13:06:48+00:00","og_image":[{"width":1920,"height":1988,"url":"https:\/\/verjamemvate.si\/nasatrgovinca\/wp-content\/uploads\/2025\/05\/IMG_7701-scaled-e1747741142957.jpeg","type":"image\/jpeg"}],"twitter_card":"summary_large_image","twitter_misc":{"Est. reading time":"1 minuta"},"schema":{"@context":"https:\/\/schema.org","@graph":[{"@type":"WebPage","@id":"https:\/\/verjamemvate.si\/nasatrgovinca\/index.php\/product\/vintage-suknjic-bunny\/","url":"https:\/\/verjamemvate.si\/nasatrgovinca\/index.php\/product\/vintage-suknjic-bunny\/","name":"Vintage suknji\u010d Bunny - Verjamem vate second-hand","isPartOf":{"@id":"https:\/\/verjamemvate.si\/nasatrgovinca\/#website"},"primaryImageOfPage":{"@id":"https:\/\/verjamemvate.si\/nasatrgovinca\/index.php\/product\/vintage-suknjic-bunny\/#primaryimage"},"image":{"@id":"https:\/\/verjamemvate.si\/nasatrgovinca\/index.php\/product\/vintage-suknjic-bunny\/#primaryimage"},"thumbnailUrl":"https:\/\/verjamemvate.si\/nasatrgovinca\/wp-content\/uploads\/2025\/05\/IMG_7701-scaled-e1747741142957.jpeg","datePublished":"2025-05-20T14:33:42+00:00","dateModified":"2026-02-02T13:06:48+00:00","breadcrumb":{"@id":"https:\/\/verjamemvate.si\/nasatrgovinca\/index.php\/product\/vintage-suknjic-bunny\/#breadcrumb"},"inLanguage":"sl-SI","potentialAction":[{"@type":"ReadAction","target":["https:\/\/verjamemvate.si\/nasatrgovinca\/index.php\/product\/vintage-suknjic-bunny\/"]}]},{"@type":"ImageObject","inLanguage":"sl-SI","@id":"https:\/\/verjamemvate.si\/nasatrgovinca\/index.php\/product\/vintage-suknjic-bunny\/#primaryimage","url":"https:\/\/verjamemvate.si\/nasatrgovinca\/wp-content\/uploads\/2025\/05\/IMG_7701-scaled-e1747741142957.jpeg","contentUrl":"https:\/\/verjamemvate.si\/nasatrgovinca\/wp-content\/uploads\/2025\/05\/IMG_7701-scaled-e1747741142957.jpeg","width":1920,"height":1988},{"@type":"BreadcrumbList","@id":"https:\/\/verjamemvate.si\/nasatrgovinca\/index.php\/product\/vintage-suknjic-bunny\/#breadcrumb","itemListElement":[{"@type":"ListItem","position":1,"name":"Home","item":"https:\/\/verjamemvate.si\/nasatrgovinca\/"},{"@type":"ListItem","position":2,"name":"Verjamem vate &#8211; second-hand","item":"https:\/\/verjamemvate.si\/nasatrgovinca\/"},{"@type":"ListItem","position":3,"name":"Vintage suknji\u010d Bunny"}]},{"@type":"WebSite","@id":"https:\/\/verjamemvate.si\/nasatrgovinca\/#website","url":"https:\/\/verjamemvate.si\/nasatrgovinca\/","name":"Verjamem vate second-hand","description":"","potentialAction":[{"@type":"SearchAction","target":{"@type":"EntryPoint","urlTemplate":"https:\/\/verjamemvate.si\/nasatrgovinca\/?s={search_term_string}"},"query-input":{"@type":"PropertyValueSpecification","valueRequired":true,"valueName":"search_term_string"}}],"inLanguage":"sl-SI"}]}},"_links":{"self":[{"href":"https:\/\/verjamemvate.si\/nasatrgovinca\/index.php\/wp-json\/wp\/v2\/product\/2068","targetHints":{"allow":["GET"]}}],"collection":[{"href":"https:\/\/verjamemvate.si\/nasatrgovinca\/index.php\/wp-json\/wp\/v2\/product"}],"about":[{"href":"https:\/\/verjamemvate.si\/nasatrgovinca\/index.php\/wp-json\/wp\/v2\/types\/product"}],"wp:featuredmedia":[{"embeddable":true,"href":"https:\/\/verjamemvate.si\/nasatrgovinca\/index.php\/wp-json\/wp\/v2\/media\/2044"}],"wp:attachment":[{"href":"https:\/\/verjamemvate.si\/nasatrgovinca\/index.php\/wp-json\/wp\/v2\/media?parent=2068"}],"wp:term":[{"taxonomy":"product_brand","embeddable":true,"href":"https:\/\/verjamemvate.si\/nasatrgovinca\/index.php\/wp-json\/wp\/v2\/product_brand?post=2068"},{"taxonomy":"product_cat","embeddable":true,"href":"https:\/\/verjamemvate.si\/nasatrgovinca\/index.php\/wp-json\/wp\/v2\/product_cat?post=2068"},{"taxonomy":"product_tag","embeddable":true,"href":"https:\/\/verjamemvate.si\/nasatrgovinca\/index.php\/wp-json\/wp\/v2\/product_tag?post=2068"}],"curies":[{"name":"wp","href":"https:\/\/api.w.org\/{rel}","templated":true}]}}