{"id":3,"date":"2024-12-14T19:49:55","date_gmt":"2024-12-14T19:49:55","guid":{"rendered":"https:\/\/verjamemvate.si\/nasatrgovinca\/?page_id=3"},"modified":"2025-01-14T13:51:38","modified_gmt":"2025-01-14T12:51:38","slug":"varstvo-osebnih-podatkov","status":"publish","type":"page","link":"https:\/\/verjamemvate.si\/nasatrgovinca\/index.php\/shop\/varstvo-osebnih-podatkov\/","title":{"rendered":"Varstvo osebnih podatkov"},"content":{"rendered":"\n<h2 class=\"wp-block-heading\">Varstvo osebnih podatkov in GDPR<\/h2>\n\n\n\n<p>V Dru\u0161tvu Verjamem vate, Ljubljanska cesta 104, 1230 Dom\u017eale (v nadaljevanju: \u201cDru\u0161tvo Verjamem vate\u201d ali \u201cupravljavec\u201d) se zavedamo odgovornosti ravnanja z osebnimi podatki, zato sprejemamo to izjavo o varstvu osebnih podatkov (v nadaljevanju: Izjava), s katero vas na pregleden, razumljiv in preprost na\u010din seznanjamo z nameni, pravno podlago obdelave va\u0161ih osebnih podatkov in pravicami v zvezi z obdelavo, kot so zagotovljene s Splo\u0161no uredbo o varstvu podatkov (GDPR) in Zakonom o varstvu osebnih podatkov (ZVOP-2).<\/p>\n\n\n\n<details class=\"wp-block-details is-layout-flow wp-block-details-is-layout-flow\"><summary>Podatki o upravljavcu<\/summary>\n<p>Upravljavec osebnih podatkov uporabnikov je podjetje Dru\u0161tvo Verjamem vate, Ljubljanska cesta 104, 1230 Dom\u017eale.<\/p>\n<\/details>\n\n\n\n<details class=\"wp-block-details is-layout-flow wp-block-details-is-layout-flow\"><summary>Osebni podatki<\/summary>\n<p>Osebni podatek je informacija, ki vas identificira kot dolo\u010denega ali dolo\u010dljivega posameznika. Upravljavec skladno z nameni, opredeljenimi v nadaljevanju Izjave, zbira naslednje osebne podatke:<\/p>\n\n\n\n<p>Od obiskovalcev na\u0161e spletne trgovine (gost) zbiramo:<\/p>\n\n\n\n<ul class=\"wp-block-list\">\n<li>osnovne podatke: ime in priimek, firma (pravne osebe);<\/li>\n\n\n\n<li>kontaktne podatke in podatke o komunikaciji z upravljavcem: e-po\u0161tni naslov, po\u0161tni naslov, telefonska \u0161tevilka, dav\u010dna \u0161tevilka (pravne osebe).<\/li>\n<\/ul>\n\n\n\n<p>Od registriranih uporabnikov na\u0161e spletne trgovine zbiramo:<\/p>\n\n\n\n<p>podatke o uporabi spletnega mesta (datumi in ure obiskov spletnega mesta, obiskane strani oz. URL-ji, \u010das zadr\u017eevanja na posamezni strani, \u0161tevilo obiskanih strani, skupni \u010das obiska spletnega mesta, opravljene nastavitve na spletnem mestu) upravljavca.<\/p>\n\n\n\n<p>osnovne podatke: ime in priimek, firma (pravne osebe);<\/p>\n\n\n\n<p>kontaktne podatke in podatke o komunikaciji z upravljavcem: e-po\u0161tni naslov, po\u0161tni naslov, telefonska \u0161tevilka, dav\u010dna \u0161tevilka (pravne osebe);<\/p>\n<\/details>\n\n\n\n<details class=\"wp-block-details is-layout-flow wp-block-details-is-layout-flow\"><summary>Podlaga za obdelavo in nameni obdelave<\/summary>\n<p>Dru\u0161tvo Verjamem vate &nbsp;bo obdelovalo va\u0161e osebne podatke za enega izmed v nadaljevanju navedenih namenov na podlagi naslednjih pravnih podlag:<\/p>\n\n\n\n<ul class=\"wp-block-list\">\n<li>va\u0161e izrecne privolitve,<\/li>\n\n\n\n<li>za izpolnjevanje pogodbenih obveznosti,<\/li>\n\n\n\n<li>na podlagi zakonitega interesa.<\/li>\n<\/ul>\n\n\n\n<p>Va\u0161e osebne podatke bomo obdelovali zgolj za namene, za katere smo jih pridobili in jih ne bomo obdelovali za namene, ki niso zdru\u017eljivi z nameni, za katere so bili ti podatki zbrani. Dru\u0161tvo Verjamem vate zbira zgolj tiste osebne podatke, ki so nujno potrebni za dosego posameznega namena.<\/p>\n\n\n\n<p>Obdelava na podlagi privolitve<\/p>\n\n\n\n<p>Dru\u0161tvo Verjamem vate &nbsp;bo na podlagi va\u0161e privolitve obdelovalo va\u0161e osebne podatke za naslednje namene:<\/p>\n\n\n\n<ul class=\"wp-block-list\">\n<li>va\u0161 e-naslov za po\u0161iljanje e-po\u0161tnih sporo\u010dil z namenom obve\u0161\u010danja o akcijah izdelkov, o izobra\u017eevanjih, novostih, storitvah kot tudi dogodkih pri upravljavcu ali pri tretjih osebah;<\/li>\n<\/ul>\n\n\n\n<p>V vseh primerih, ko podate privolitev za obdelavo va\u0161ih osebnih podatkov, lahko to privolitev kadarkoli prekli\u010dete prek e-naslova\u00a0<a href=\"mailto:info@lup-jeans.com\"><a href=\"mailto:nasatrgovinca@verjamemvate.si\">nasatrgovinca@verjamemvate.si<\/a><\/a>.<\/p>\n\n\n\n<p>Obdelava za izpolnitev pogodbenih obveznosti<\/p>\n\n\n\n<p>Zbiramo osebne podatke, ki jih navedete ob naro\u010dilu v spletni trgovini, in ki jih potrebujemo za obdelavo in dostavo naro\u010dila:<\/p>\n\n\n\n<ul class=\"wp-block-list\">\n<li>Ime in priimek (fizi\u010dne osebe) oz. podatki podjetja (za pravne osebe)<\/li>\n\n\n\n<li>Naslov<\/li>\n\n\n\n<li>E-naslov<\/li>\n\n\n\n<li>Telefonska \u0161tevilka<\/li>\n\n\n\n<li>Dav\u010dna \u0161tevilka (za pravne osebe)<\/li>\n<\/ul>\n\n\n\n<p>Upravljavec te informacije posreduje tudi dostavnim slu\u017ebam, saj so potrebne za dostavo blaga kupcu.<\/p>\n\n\n\n<p>Obdelava na podlagi zakonitega interesa:<\/p>\n\n\n\n<ul class=\"wp-block-list\">\n<li>za zagotavljanje varnosti omre\u017eja in varnosti informacijskega sistema.<\/li>\n\n\n\n<li>za namene analize \u017eivljenjske poti uporabnika na spletni strani spremljamo od kod je uporabnik prispel na spletno mesto (vir prometa), za spremljanje zadr\u017eevanja na spletni strani, katere spletne strani je obiskoval, katere vsebine je prenesel oziroma si jih ogledal.<\/li>\n<\/ul>\n\n\n\n<p><strong>Pogodbeni obdelovalci in tretje osebe<\/strong><\/p>\n\n\n\n<p>Do va\u0161ih osebnih podatkov smejo dostopati zgolj zaposleni v podjetju Dru\u0161tvo Verjamem vate&nbsp;in na\u0161i pogodbeni obdelovalci (storitev spletnega gostovanja, storitve informacijske tehnologije, izvajalci po\u0161tnih storitev), ki va\u0161e osebne podatke obdelujejo izklju\u010dno v imenu in v skladu s pisnimi navodili Dru\u0161tva Verjamem vate. Pogodbeni obdelovalci va\u0161ih osebnih podatkov ne smejo v nobenem primeru uporabiti za zasledovanje lastnih interesov.<\/p>\n\n\n\n<p>Dru\u0161tvo Verjamem vate &nbsp;va\u0161ih osebnih podatkov ne bo posredovalo nepoobla\u0161\u010denim tretjim osebam.<\/p>\n<\/details>\n\n\n\n<details class=\"wp-block-details is-layout-flow wp-block-details-is-layout-flow\"><summary>\u010cas hrambe<\/summary>\n<p>Upravljavec osebnih podatkov ne obdeluje dlje, kot je treba za doseganje namenov, za katere so bili osebni podatki zbrani in nadalje obdelovani.<\/p>\n\n\n\n<p>Osebne podatke, ki jih Dru\u0161tvo Verjamem vate &nbsp;obdeluje zaradi&nbsp;izvedbe pogodbe, hrani za obdobje, ki je potrebno za izvr\u0161itev pogodbe in \u0161e 5 let po njenem prenehanju, razen v primerih, ko pride med vami in upravljavcem do spora v zvezi s pogodbo. V takem primeru hrani Dru\u0161tvo Verjamem vate &nbsp;podatke \u0161e 5 let po pravnomo\u010dnosti sodne ali arbitra\u017ene odlo\u010dbe ali poravnave ali, \u010de sodnega spora ni bilo, 5 let od dneva mirne re\u0161itve spora.<\/p>\n\n\n\n<p>Osebne podatke, ki jih upravljavec obdeluje na podlagi va\u0161e osebne&nbsp;privolitve ali zakonitega interesa, hrani Dru\u0161tvo Verjamem vate &nbsp;do preklica va\u0161e privolitve oz. zahteve po prekinitvi obdelave. Dru\u0161tvo Verjamem vate &nbsp;take podatke izbri\u0161e pred preklicem le v primeru, da je namen obdelave osebnih podatkov \u017ee dose\u017een ali \u010de tako dolo\u010da zakon.<\/p>\n\n\n\n<p>Po preteku obdobja hrambe bo Dru\u0161tvo Verjamem vate &nbsp;va\u0161e osebne podatke u\u010dinkovito in trajno zbrisalo ali anonimiziralo, tako da jih ne bo ve\u010d mogo\u010de povezati z vami.<\/p>\n<\/details>\n\n\n\n<details class=\"wp-block-details is-layout-flow wp-block-details-is-layout-flow\"><summary>Skrb za varnost osebnih podatkov<\/summary>\n<p>Pri obdelavi va\u0161ih osebnih podatkov in pri ravnanju z njimi bomo ravnali v skladu z veljavnimi nacionalnimi predpisi o varstvu osebnih podatkov in Splo\u0161no uredbo o varstvu podatkov (GDPR). Za zavarovanje va\u0161ih osebnih podatkov bomo uporabili organizacijske, tehni\u010dne in druge ustrezne postopke in ukrepe, da se prepre\u010di nepoobla\u0161\u010den dostop ali uni\u010denje podatkov, njihove spremembe ali izgubo ter nepoobla\u0161\u010deno obdelavo.<\/p>\n\n\n\n<p><strong>Pravice v zvezi z varstvom osebnih podatkov&nbsp;<\/strong><\/p>\n\n\n\n<p>Dru\u0161tvo Verjamem vate vam&nbsp;zagotavlja naslednje pravice v zvezi z varstvom osebnih podatkov:<\/p>\n\n\n\n<ol class=\"wp-block-list\">\n<li>Pravica dostopa do podatkov<\/li>\n<\/ol>\n\n\n\n<p>Od Dru\u0161tva Verjamem vate imate pravico dobiti potrditev ali Dru\u0161tvo Verjamem vate &nbsp;obdeluje va\u0161e osebne podatke, dostop do va\u0161ih osebnih podatkov in informacije v zvezi z obdelavo.<\/p>\n\n\n\n<p>Na podlagi va\u0161e zahteve vam bo Dru\u0161tvo Verjamem vate &nbsp;zagotovilo eno brezpla\u010dno kopijo va\u0161ih osebnih podatkov, ki se obdelujejo. Za dodatne kopije podatkov, ki bi jih zahtevali, vam bo Dru\u0161tvo Verjamem vate zara\u010dunalo pristojbino ob upo\u0161tevanju administrativnih stro\u0161kov v vi\u0161ini 1\u20ac; v primeru po\u0161iljanja kopij podatkov po e-po\u0161ti vam ne bomo ra\u010dunali nobenega stro\u0161ka.<\/p>\n\n\n\n<ol class=\"wp-block-list\">\n<li>Pravica do popravka<\/li>\n<\/ol>\n\n\n\n<p>Od Dru\u0161tva Verjamem vate imate pravico zahtevati, da ta brez nepotrebnega odla\u0161anja popravi neto\u010dne osebne podatke v zvezi z vami. Ob upo\u0161tevanju namenov obdelave imate pravico do dopolnitve nepopolnih osebnih podatkov, vklju\u010dno s predlo\u017eitvijo dopolnilne izjave.<\/p>\n\n\n\n<ol start=\"2\" class=\"wp-block-list\">\n<li>Pravica do izbrisa (\u00bbpravica do pozabe\u00ab)<\/li>\n<\/ol>\n\n\n\n<p>Od Dru\u0161tva Verjamem vate imate pravico zahtevati, da brez nepotrebnega odla\u0161anja izbri\u0161e osebne podatke v zvezi z vami, kadar prekli\u010dete privolitev, ki je podlaga za obdelavo va\u0161ih osebnih podatkov.<\/p>\n\n\n\n<ol start=\"3\" class=\"wp-block-list\">\n<li>Pravica do omejitve obdelave<\/li>\n<\/ol>\n\n\n\n<p>Pravico imate zahtevati, da Dru\u0161tvo Verjamem vate &nbsp;omeji obdelavo va\u0161ih osebnih podatkov, \u010de npr. ne \u017eelite, da se podatki izbri\u0161ejo ter namesto tega zahtevate omejitev njihove uporabe.<\/p>\n\n\n\n<ol start=\"4\" class=\"wp-block-list\">\n<li>Pravica do prenosljivosti podatkov<\/li>\n<\/ol>\n\n\n\n<p>Pravico imate, da osebne podatke, ki ste nam jih posredovali, zahtevate od nas v strukturirani, splo\u0161no uporabljani in strojno berljivi obliki. \u010ce je tehni\u010dno izvedljivo imate pravico, da se ti osebni podatki neposredno prenesejo k drugemu upravljavcu.<\/p>\n\n\n\n<ol start=\"5\" class=\"wp-block-list\">\n<li>Pravica do ugovora<\/li>\n<\/ol>\n\n\n\n<p>Kadarkoli lahko ugovarjate obdelavi osebnih podatkov, \u010de ta temelji na zakonitih interesih, za katere si prizadeva Dru\u0161tvo Verjamem vate. Dru\u0161tvo Verjamem vate &nbsp;bo prenehalo obdelovati osebne podatke, razen \u010de doka\u017ee nujne razloge za obdelavo, ki prevladajo nad va\u0161imi interesi, pravicami in svobo\u0161\u010dinami ali za uveljavljanje, izvajanje ali obrambo pravnih zahtevkov.<\/p>\n\n\n\n<p>Kadar se osebni podatki obdelujejo za namene neposrednega tr\u017eenja, lahko obdelavi podatkov kadarkoli ugovarjate, upravljavec pa va\u0161ih podatkov v te namene ne sme ve\u010d obdelovati.<\/p>\n\n\n\n<p>Va\u0161o zahtevo, prito\u017ebo ali ugovor v zvezi s katerekoli od zgoraj navedenih pravic, lahko po\u0161ljete na na\u0161 e-naslov\u00a0<a href=\"mailto:nasatrgovinca@verjamemvate.si\">nasatrgovinca@verjamemvate.si<\/a>\u00a0ali po po\u0161ti na naslov Dru\u0161tvo Verjamem vate, Ljubljanska cesta 104, 1230 Dom\u017eale.<\/p>\n\n\n\n<p>\u010ce menite, da se va\u0161i osebni podatki shranjujejo ali kako druga\u010de obdelujejo v nasprotju z veljavnimi predpisi, ki urejajo varstvo osebnih podatkov, imate pravico vlo\u017eiti&nbsp;<strong>prito\u017ebo<\/strong>&nbsp;pri Informacijskem poobla\u0161\u010dencu RS.<\/p>\n<\/details>\n\n\n\n<p><\/p>\n","protected":false},"excerpt":{"rendered":"<p>Varstvo osebnih podatkov in GDPR V Dru\u0161tvu Verjamem vate, Ljubljanska cesta 104, 1230 Dom\u017eale (v nadaljevanju: \u201cDru\u0161tvo Verjamem vate\u201d ali \u201cupravljavec\u201d) se zavedamo odgovornosti ravnanja z osebnimi podatki, zato sprejemamo to izjavo o varstvu osebnih podatkov (v nadaljevanju: Izjava), s katero vas na pregleden, razumljiv in preprost na\u010din seznanjamo z nameni, pravno podlago obdelave va\u0161ih [&hellip;]<\/p>\n","protected":false},"author":1,"featured_media":0,"parent":7,"menu_order":0,"comment_status":"closed","ping_status":"closed","template":"","meta":{"footnotes":""},"class_list":["post-3","page","type-page","status-publish","hentry"],"yoast_head":"<!-- This site is optimized with the Yoast SEO plugin v27.5 - https:\/\/yoast.com\/product\/yoast-seo-wordpress\/ -->\n<title>Varstvo osebnih podatkov - Verjamem vate second-hand<\/title>\n<meta name=\"robots\" content=\"index, follow, max-snippet:-1, max-image-preview:large, max-video-preview:-1\" \/>\n<link rel=\"canonical\" href=\"https:\/\/verjamemvate.si\/nasatrgovinca\/index.php\/shop\/varstvo-osebnih-podatkov\/\" \/>\n<meta property=\"og:locale\" content=\"sl_SI\" \/>\n<meta property=\"og:type\" content=\"article\" \/>\n<meta property=\"og:title\" content=\"Varstvo osebnih podatkov - Verjamem vate second-hand\" \/>\n<meta property=\"og:description\" content=\"Varstvo osebnih podatkov in GDPR V Dru\u0161tvu Verjamem vate, Ljubljanska cesta 104, 1230 Dom\u017eale (v nadaljevanju: \u201cDru\u0161tvo Verjamem vate\u201d ali \u201cupravljavec\u201d) se zavedamo odgovornosti ravnanja z osebnimi podatki, zato sprejemamo to izjavo o varstvu osebnih podatkov (v nadaljevanju: Izjava), s katero vas na pregleden, razumljiv in preprost na\u010din seznanjamo z nameni, pravno podlago obdelave va\u0161ih [&hellip;]\" \/>\n<meta property=\"og:url\" content=\"https:\/\/verjamemvate.si\/nasatrgovinca\/index.php\/shop\/varstvo-osebnih-podatkov\/\" \/>\n<meta property=\"og:site_name\" content=\"Verjamem vate second-hand\" \/>\n<meta property=\"article:modified_time\" content=\"2025-01-14T12:51:38+00:00\" \/>\n<meta name=\"twitter:card\" content=\"summary_large_image\" \/>\n<meta name=\"twitter:label1\" content=\"Est. reading time\" \/>\n\t<meta name=\"twitter:data1\" content=\"7 minut\" \/>\n<script type=\"application\/ld+json\" class=\"yoast-schema-graph\">{\"@context\":\"https:\\\/\\\/schema.org\",\"@graph\":[{\"@type\":\"WebPage\",\"@id\":\"https:\\\/\\\/verjamemvate.si\\\/nasatrgovinca\\\/index.php\\\/shop\\\/varstvo-osebnih-podatkov\\\/\",\"url\":\"https:\\\/\\\/verjamemvate.si\\\/nasatrgovinca\\\/index.php\\\/shop\\\/varstvo-osebnih-podatkov\\\/\",\"name\":\"Varstvo osebnih podatkov - Verjamem vate second-hand\",\"isPartOf\":{\"@id\":\"https:\\\/\\\/verjamemvate.si\\\/nasatrgovinca\\\/#website\"},\"datePublished\":\"2024-12-14T19:49:55+00:00\",\"dateModified\":\"2025-01-14T12:51:38+00:00\",\"breadcrumb\":{\"@id\":\"https:\\\/\\\/verjamemvate.si\\\/nasatrgovinca\\\/index.php\\\/shop\\\/varstvo-osebnih-podatkov\\\/#breadcrumb\"},\"inLanguage\":\"sl-SI\",\"potentialAction\":[{\"@type\":\"ReadAction\",\"target\":[\"https:\\\/\\\/verjamemvate.si\\\/nasatrgovinca\\\/index.php\\\/shop\\\/varstvo-osebnih-podatkov\\\/\"]}]},{\"@type\":\"BreadcrumbList\",\"@id\":\"https:\\\/\\\/verjamemvate.si\\\/nasatrgovinca\\\/index.php\\\/shop\\\/varstvo-osebnih-podatkov\\\/#breadcrumb\",\"itemListElement\":[{\"@type\":\"ListItem\",\"position\":1,\"name\":\"Home\",\"item\":\"https:\\\/\\\/verjamemvate.si\\\/nasatrgovinca\\\/\"},{\"@type\":\"ListItem\",\"position\":2,\"name\":\"Verjamem vate &#8211; second-hand\",\"item\":\"https:\\\/\\\/verjamemvate.si\\\/nasatrgovinca\\\/\"},{\"@type\":\"ListItem\",\"position\":3,\"name\":\"Varstvo osebnih podatkov\"}]},{\"@type\":\"WebSite\",\"@id\":\"https:\\\/\\\/verjamemvate.si\\\/nasatrgovinca\\\/#website\",\"url\":\"https:\\\/\\\/verjamemvate.si\\\/nasatrgovinca\\\/\",\"name\":\"Verjamem vate second-hand\",\"description\":\"\",\"potentialAction\":[{\"@type\":\"SearchAction\",\"target\":{\"@type\":\"EntryPoint\",\"urlTemplate\":\"https:\\\/\\\/verjamemvate.si\\\/nasatrgovinca\\\/?s={search_term_string}\"},\"query-input\":{\"@type\":\"PropertyValueSpecification\",\"valueRequired\":true,\"valueName\":\"search_term_string\"}}],\"inLanguage\":\"sl-SI\"}]}<\/script>\n<!-- \/ Yoast SEO plugin. -->","yoast_head_json":{"title":"Varstvo osebnih podatkov - Verjamem vate second-hand","robots":{"index":"index","follow":"follow","max-snippet":"max-snippet:-1","max-image-preview":"max-image-preview:large","max-video-preview":"max-video-preview:-1"},"canonical":"https:\/\/verjamemvate.si\/nasatrgovinca\/index.php\/shop\/varstvo-osebnih-podatkov\/","og_locale":"sl_SI","og_type":"article","og_title":"Varstvo osebnih podatkov - Verjamem vate second-hand","og_description":"Varstvo osebnih podatkov in GDPR V Dru\u0161tvu Verjamem vate, Ljubljanska cesta 104, 1230 Dom\u017eale (v nadaljevanju: \u201cDru\u0161tvo Verjamem vate\u201d ali \u201cupravljavec\u201d) se zavedamo odgovornosti ravnanja z osebnimi podatki, zato sprejemamo to izjavo o varstvu osebnih podatkov (v nadaljevanju: Izjava), s katero vas na pregleden, razumljiv in preprost na\u010din seznanjamo z nameni, pravno podlago obdelave va\u0161ih [&hellip;]","og_url":"https:\/\/verjamemvate.si\/nasatrgovinca\/index.php\/shop\/varstvo-osebnih-podatkov\/","og_site_name":"Verjamem vate second-hand","article_modified_time":"2025-01-14T12:51:38+00:00","twitter_card":"summary_large_image","twitter_misc":{"Est. reading time":"7 minut"},"schema":{"@context":"https:\/\/schema.org","@graph":[{"@type":"WebPage","@id":"https:\/\/verjamemvate.si\/nasatrgovinca\/index.php\/shop\/varstvo-osebnih-podatkov\/","url":"https:\/\/verjamemvate.si\/nasatrgovinca\/index.php\/shop\/varstvo-osebnih-podatkov\/","name":"Varstvo osebnih podatkov - Verjamem vate second-hand","isPartOf":{"@id":"https:\/\/verjamemvate.si\/nasatrgovinca\/#website"},"datePublished":"2024-12-14T19:49:55+00:00","dateModified":"2025-01-14T12:51:38+00:00","breadcrumb":{"@id":"https:\/\/verjamemvate.si\/nasatrgovinca\/index.php\/shop\/varstvo-osebnih-podatkov\/#breadcrumb"},"inLanguage":"sl-SI","potentialAction":[{"@type":"ReadAction","target":["https:\/\/verjamemvate.si\/nasatrgovinca\/index.php\/shop\/varstvo-osebnih-podatkov\/"]}]},{"@type":"BreadcrumbList","@id":"https:\/\/verjamemvate.si\/nasatrgovinca\/index.php\/shop\/varstvo-osebnih-podatkov\/#breadcrumb","itemListElement":[{"@type":"ListItem","position":1,"name":"Home","item":"https:\/\/verjamemvate.si\/nasatrgovinca\/"},{"@type":"ListItem","position":2,"name":"Verjamem vate &#8211; second-hand","item":"https:\/\/verjamemvate.si\/nasatrgovinca\/"},{"@type":"ListItem","position":3,"name":"Varstvo osebnih podatkov"}]},{"@type":"WebSite","@id":"https:\/\/verjamemvate.si\/nasatrgovinca\/#website","url":"https:\/\/verjamemvate.si\/nasatrgovinca\/","name":"Verjamem vate second-hand","description":"","potentialAction":[{"@type":"SearchAction","target":{"@type":"EntryPoint","urlTemplate":"https:\/\/verjamemvate.si\/nasatrgovinca\/?s={search_term_string}"},"query-input":{"@type":"PropertyValueSpecification","valueRequired":true,"valueName":"search_term_string"}}],"inLanguage":"sl-SI"}]}},"_links":{"self":[{"href":"https:\/\/verjamemvate.si\/nasatrgovinca\/index.php\/wp-json\/wp\/v2\/pages\/3","targetHints":{"allow":["GET"]}}],"collection":[{"href":"https:\/\/verjamemvate.si\/nasatrgovinca\/index.php\/wp-json\/wp\/v2\/pages"}],"about":[{"href":"https:\/\/verjamemvate.si\/nasatrgovinca\/index.php\/wp-json\/wp\/v2\/types\/page"}],"author":[{"embeddable":true,"href":"https:\/\/verjamemvate.si\/nasatrgovinca\/index.php\/wp-json\/wp\/v2\/users\/1"}],"replies":[{"embeddable":true,"href":"https:\/\/verjamemvate.si\/nasatrgovinca\/index.php\/wp-json\/wp\/v2\/comments?post=3"}],"version-history":[{"count":2,"href":"https:\/\/verjamemvate.si\/nasatrgovinca\/index.php\/wp-json\/wp\/v2\/pages\/3\/revisions"}],"predecessor-version":[{"id":56,"href":"https:\/\/verjamemvate.si\/nasatrgovinca\/index.php\/wp-json\/wp\/v2\/pages\/3\/revisions\/56"}],"up":[{"embeddable":true,"href":"https:\/\/verjamemvate.si\/nasatrgovinca\/index.php\/wp-json\/wp\/v2\/pages\/7"}],"wp:attachment":[{"href":"https:\/\/verjamemvate.si\/nasatrgovinca\/index.php\/wp-json\/wp\/v2\/media?parent=3"}],"curies":[{"name":"wp","href":"https:\/\/api.w.org\/{rel}","templated":true}]}}